{"id":1494,"date":"2025-02-06T13:10:31","date_gmt":"2025-02-06T18:10:31","guid":{"rendered":"https:\/\/www.centrebeaconsfield.com\/domicile\/"},"modified":"2026-03-04T15:34:20","modified_gmt":"2026-03-04T20:34:20","slug":"domicile","status":"publish","type":"page","link":"https:\/\/www.centrebeaconsfield.com\/fr\/","title":{"rendered":"Accueil"},"content":{"rendered":"\t\t<div data-elementor-type=\"wp-page\" data-elementor-id=\"1494\" class=\"elementor elementor-1494 elementor-90\" data-elementor-post-type=\"page\">\n\t\t\t\t<div class=\"elementor-element elementor-element-cebf9a6 e-con-full e-flex e-con e-parent\" data-id=\"cebf9a6\" data-element_type=\"container\">\n\t\t\t\t<div class=\"elementor-element elementor-element-fdd92b7 elementor-widget__width-inherit elementor--h-position-center elementor--v-position-middle elementor-arrows-position-inside elementor-pagination-position-inside elementor-widget elementor-widget-slides\" data-id=\"fdd92b7\" data-element_type=\"widget\" data-settings=\"{&quot;navigation&quot;:&quot;both&quot;,&quot;autoplay&quot;:&quot;yes&quot;,&quot;pause_on_hover&quot;:&quot;yes&quot;,&quot;pause_on_interaction&quot;:&quot;yes&quot;,&quot;autoplay_speed&quot;:5000,&quot;infinite&quot;:&quot;yes&quot;,&quot;transition&quot;:&quot;slide&quot;,&quot;transition_speed&quot;:500}\" data-widget_type=\"slides.default\">\n\t\t\t\t<div class=\"elementor-widget-container\">\n\t\t\t\t\t\t\t\t\t<div class=\"elementor-swiper\">\n\t\t\t\t\t<div class=\"elementor-slides-wrapper elementor-main-swiper swiper\" role=\"region\" aria-roledescription=\"carousel\" aria-label=\"Slides\" dir=\"ltr\" data-animation=\"fadeInUp\">\n\t\t\t\t<div class=\"swiper-wrapper elementor-slides\">\n\t\t\t\t\t\t\t\t\t\t<div class=\"elementor-repeater-item-b7d7c10 swiper-slide\" role=\"group\" aria-roledescription=\"slide\"><div class=\"swiper-slide-bg\" role=\"img\" aria-label=\"CC_Beaconsfield45 (2) (2)\"><\/div><div class=\"swiper-slide-inner\" ><div class=\"swiper-slide-contents\"><\/div><\/div><\/div>\t\t\t\t<\/div>\n\t\t\t\t\t\t\t<\/div>\n\t\t\t\t<\/div>\n\t\t\t\t\t\t\t\t<\/div>\n\t\t\t\t<\/div>\n\t\t\t\t<\/div>\n\t\t<div class=\"elementor-element elementor-element-3034535b e-con-full e-flex e-con e-parent\" data-id=\"3034535b\" data-element_type=\"container\">\n\t\t<div class=\"elementor-element elementor-element-6a263b30 e-con-full e-flex e-con e-child\" data-id=\"6a263b30\" data-element_type=\"container\">\n\t\t\t\t<div class=\"elementor-element elementor-element-2ef045f7 elementor-widget elementor-widget-heading\" data-id=\"2ef045f7\" data-element_type=\"widget\" data-widget_type=\"heading.default\">\n\t\t\t\t<div class=\"elementor-widget-container\">\n\t\t\t\t\t<h3 class=\"elementor-heading-title elementor-size-default\">Bonjour Beaconsfield!<\/h3>\t\t\t\t<\/div>\n\t\t\t\t<\/div>\n\t\t\t\t<div class=\"elementor-element elementor-element-6cca1cbf elementor-widget elementor-widget-text-editor\" data-id=\"6cca1cbf\" data-element_type=\"widget\" data-widget_type=\"text-editor.default\">\n\t\t\t\t<div class=\"elementor-widget-container\">\n\t\t\t\t\t\t\t\t\t<p class=\"font_8 wixui-rich-text__text\">Le Centre Commercial Beaconsfield magnifiquement r\u00e9am\u00e9nag\u00e9 est situ\u00e9 pr\u00e8s du lac Saint Louis. Strat\u00e9giquement situ\u00e9 dans le principal quartier commer\u00e7ant de Beaconsfield et visible depuis l&#8217;autoroute 20 et le tr\u00e8s fr\u00e9quent\u00e9 boulevard St Charles, ce n\u0153ud commercial offre un acc\u00e8s facile et un trafic \u00e9lev\u00e9. <\/p><p class=\"font_8 wixui-rich-text__text\">Ce carrefour commercial de quartier a pour piliers Metro, Pharmaprix et SAQ, offrant des achats pratiques pour tous !<\/p>\t\t\t\t\t\t\t\t<\/div>\n\t\t\t\t<\/div>\n\t\t\t\t<div class=\"elementor-element elementor-element-5b473ebf elementor-invisible elementor-widget elementor-widget-button\" data-id=\"5b473ebf\" data-element_type=\"widget\" data-settings=\"{&quot;_animation&quot;:&quot;fadeInDown&quot;}\" data-widget_type=\"button.default\">\n\t\t\t\t<div class=\"elementor-widget-container\">\n\t\t\t\t\t\t\t\t\t<div class=\"elementor-button-wrapper\">\n\t\t\t\t\t<a class=\"elementor-button elementor-button-link elementor-size-sm\" href=\"\/fr\/directory\/\">\n\t\t\t\t\t\t<span class=\"elementor-button-content-wrapper\">\n\t\t\t\t\t\t\t\t\t<span class=\"elementor-button-text\">Notre Magazines<\/span>\n\t\t\t\t\t<\/span>\n\t\t\t\t\t<\/a>\n\t\t\t\t<\/div>\n\t\t\t\t\t\t\t\t<\/div>\n\t\t\t\t<\/div>\n\t\t\t\t<\/div>\n\t\t<div class=\"elementor-element elementor-element-5b47e6ab e-con-full e-flex e-con e-child\" data-id=\"5b47e6ab\" data-element_type=\"container\">\n\t\t\t\t<div class=\"elementor-element elementor-element-3f9683f3 elementor-widget elementor-widget-image\" data-id=\"3f9683f3\" data-element_type=\"widget\" data-widget_type=\"image.default\">\n\t\t\t\t<div class=\"elementor-widget-container\">\n\t\t\t\t\t\t\t\t\t\t\t\t\t\t\t<img fetchpriority=\"high\" decoding=\"async\" width=\"992\" height=\"510\" src=\"https:\/\/www.centrebeaconsfield.com\/wp-content\/uploads\/sites\/8\/2026\/01\/wix-web-banner-24-e1768512257105.jpg\" class=\"attachment-full size-full wp-image-1459\" alt=\"\" srcset=\"https:\/\/www.centrebeaconsfield.com\/wp-content\/uploads\/sites\/8\/2026\/01\/wix-web-banner-24-e1768512257105.jpg 992w, https:\/\/www.centrebeaconsfield.com\/wp-content\/uploads\/sites\/8\/2026\/01\/wix-web-banner-24-e1768512257105-300x154.jpg 300w, https:\/\/www.centrebeaconsfield.com\/wp-content\/uploads\/sites\/8\/2026\/01\/wix-web-banner-24-e1768512257105-768x395.jpg 768w\" sizes=\"(max-width: 992px) 100vw, 992px\" \/>\t\t\t\t\t\t\t\t\t\t\t\t\t\t\t<\/div>\n\t\t\t\t<\/div>\n\t\t\t\t<\/div>\n\t\t\t\t<\/div>\n\t\t<div class=\"elementor-element elementor-element-f1f69fc e-flex e-con-boxed e-con e-parent\" data-id=\"f1f69fc\" data-element_type=\"container\">\n\t\t\t\t\t<div class=\"e-con-inner\">\n\t\t\t\t<div class=\"elementor-element elementor-element-8503741 elementor-widget elementor-widget-heading\" data-id=\"8503741\" data-element_type=\"widget\" data-widget_type=\"heading.default\">\n\t\t\t\t<div class=\"elementor-widget-container\">\n\t\t\t\t\t<h2 class=\"elementor-heading-title elementor-size-default\">Locataires principaux<\/h2>\t\t\t\t<\/div>\n\t\t\t\t<\/div>\n\t\t\t\t\t<\/div>\n\t\t\t\t<\/div>\n\t\t<div class=\"elementor-element elementor-element-676eb6b e-flex e-con-boxed e-con e-parent\" data-id=\"676eb6b\" data-element_type=\"container\">\n\t\t\t\t\t<div class=\"e-con-inner\">\n\t\t<div class=\"elementor-element elementor-element-fe14479 e-grid e-con-full e-con e-child\" data-id=\"fe14479\" data-element_type=\"container\">\n\t\t\t\t<div class=\"elementor-element elementor-element-736d42a elementor-widget elementor-widget-image\" data-id=\"736d42a\" data-element_type=\"widget\" data-widget_type=\"image.default\">\n\t\t\t\t<div class=\"elementor-widget-container\">\n\t\t\t\t\t\t\t\t\t\t\t\t\t\t\t\t<a href=\"https:\/\/www.centrebeaconsfield.com\/fr\/directory\/pharmaprix-2\/\">\n\t\t\t\t\t\t\t<img decoding=\"async\" width=\"300\" height=\"150\" src=\"https:\/\/www.centrebeaconsfield.com\/wp-content\/uploads\/sites\/8\/2025\/11\/Pharmaprix-1-300x150.png\" class=\"attachment-medium size-medium wp-image-1491\" alt=\"\" srcset=\"https:\/\/www.centrebeaconsfield.com\/wp-content\/uploads\/sites\/8\/2025\/11\/Pharmaprix-1-300x150.png 300w, https:\/\/www.centrebeaconsfield.com\/wp-content\/uploads\/sites\/8\/2025\/11\/Pharmaprix-1-1024x512.png 1024w, https:\/\/www.centrebeaconsfield.com\/wp-content\/uploads\/sites\/8\/2025\/11\/Pharmaprix-1-768x384.png 768w, https:\/\/www.centrebeaconsfield.com\/wp-content\/uploads\/sites\/8\/2025\/11\/Pharmaprix-1-1536x768.png 1536w, https:\/\/www.centrebeaconsfield.com\/wp-content\/uploads\/sites\/8\/2025\/11\/Pharmaprix-1.png 1750w\" sizes=\"(max-width: 300px) 100vw, 300px\" \/>\t\t\t\t\t\t\t\t<\/a>\n\t\t\t\t\t\t\t\t\t\t\t\t\t\t\t<\/div>\n\t\t\t\t<\/div>\n\t\t\t\t<div class=\"elementor-element elementor-element-290f42b elementor-widget elementor-widget-image\" data-id=\"290f42b\" data-element_type=\"widget\" data-widget_type=\"image.default\">\n\t\t\t\t<div class=\"elementor-widget-container\">\n\t\t\t\t\t\t\t\t\t\t\t\t\t\t\t\t<a href=\"https:\/\/www.centrebeaconsfield.com\/fr\/directory\/metro-plus-2\/\">\n\t\t\t\t\t\t\t<img decoding=\"async\" width=\"800\" height=\"400\" src=\"https:\/\/www.centrebeaconsfield.com\/wp-content\/uploads\/sites\/8\/2025\/11\/Metro-Plus-1024x512.png\" class=\"attachment-large size-large wp-image-1492\" alt=\"\" srcset=\"https:\/\/www.centrebeaconsfield.com\/wp-content\/uploads\/sites\/8\/2025\/11\/Metro-Plus-1024x512.png 1024w, https:\/\/www.centrebeaconsfield.com\/wp-content\/uploads\/sites\/8\/2025\/11\/Metro-Plus-300x150.png 300w, https:\/\/www.centrebeaconsfield.com\/wp-content\/uploads\/sites\/8\/2025\/11\/Metro-Plus-768x384.png 768w, https:\/\/www.centrebeaconsfield.com\/wp-content\/uploads\/sites\/8\/2025\/11\/Metro-Plus-1536x768.png 1536w, https:\/\/www.centrebeaconsfield.com\/wp-content\/uploads\/sites\/8\/2025\/11\/Metro-Plus.png 1750w\" sizes=\"(max-width: 800px) 100vw, 800px\" \/>\t\t\t\t\t\t\t\t<\/a>\n\t\t\t\t\t\t\t\t\t\t\t\t\t\t\t<\/div>\n\t\t\t\t<\/div>\n\t\t\t\t<div class=\"elementor-element elementor-element-7d4edb2 elementor-widget elementor-widget-image\" data-id=\"7d4edb2\" data-element_type=\"widget\" data-widget_type=\"image.default\">\n\t\t\t\t<div class=\"elementor-widget-container\">\n\t\t\t\t\t\t\t\t\t\t\t\t\t\t\t\t<a href=\"https:\/\/www.centrebeaconsfield.com\/fr\/directory\/banque-royal-3\/\">\n\t\t\t\t\t\t\t<img loading=\"lazy\" decoding=\"async\" width=\"800\" height=\"400\" src=\"https:\/\/www.centrebeaconsfield.com\/wp-content\/uploads\/sites\/8\/2025\/11\/RBC-1-1024x512.png\" class=\"attachment-large size-large wp-image-1493\" alt=\"\" srcset=\"https:\/\/www.centrebeaconsfield.com\/wp-content\/uploads\/sites\/8\/2025\/11\/RBC-1-1024x512.png 1024w, https:\/\/www.centrebeaconsfield.com\/wp-content\/uploads\/sites\/8\/2025\/11\/RBC-1-300x150.png 300w, https:\/\/www.centrebeaconsfield.com\/wp-content\/uploads\/sites\/8\/2025\/11\/RBC-1-768x384.png 768w, https:\/\/www.centrebeaconsfield.com\/wp-content\/uploads\/sites\/8\/2025\/11\/RBC-1-1536x768.png 1536w, https:\/\/www.centrebeaconsfield.com\/wp-content\/uploads\/sites\/8\/2025\/11\/RBC-1.png 1750w\" sizes=\"(max-width: 800px) 100vw, 800px\" \/>\t\t\t\t\t\t\t\t<\/a>\n\t\t\t\t\t\t\t\t\t\t\t\t\t\t\t<\/div>\n\t\t\t\t<\/div>\n\t\t\t\t<\/div>\n\t\t\t\t\t<\/div>\n\t\t\t\t<\/div>\n\t\t\t\t<\/div>\n\t\t","protected":false},"excerpt":{"rendered":"<p>Bonjour Beaconsfield! Le Centre Commercial Beaconsfield magnifiquement r\u00e9am\u00e9nag\u00e9 est situ\u00e9 pr\u00e8s du lac Saint Louis. Strat\u00e9giquement situ\u00e9 dans le principal quartier commer\u00e7ant de Beaconsfield et visible depuis l&#8217;autoroute 20 et le tr\u00e8s fr\u00e9quent\u00e9 boulevard St Charles, ce n\u0153ud commercial offre un acc\u00e8s facile et un trafic \u00e9lev\u00e9. Ce carrefour commercial de quartier a pour piliers [&hellip;]<\/p>\n","protected":false},"author":1,"featured_media":1396,"parent":0,"menu_order":0,"comment_status":"closed","ping_status":"closed","template":"elementor_theme","meta":{"_acf_changed":false,"footnotes":""},"class_list":["post-1494","page","type-page","status-publish","has-post-thumbnail","hentry"],"acf":[],"yoast_head":"<!-- This site is optimized with the Yoast SEO plugin v26.0 - https:\/\/yoast.com\/wordpress\/plugins\/seo\/ -->\n<title>Accueil - Centre Commercial Beaconsfield<\/title>\n<meta name=\"description\" content=\"Le Centre Commercial Beaconsfield abrite une grande vari\u00e9t\u00e9 de restaurants, de boutiques et de services, ce qui en fait un lieu unique pour tous vos besoins quotidiens.\" \/>\n<meta name=\"robots\" content=\"index, follow, max-snippet:-1, max-image-preview:large, max-video-preview:-1\" \/>\n<link rel=\"canonical\" href=\"https:\/\/www.centrebeaconsfield.com\/fr\/\" \/>\n<meta property=\"og:locale\" content=\"fr_FR\" \/>\n<meta property=\"og:type\" content=\"article\" \/>\n<meta property=\"og:title\" content=\"Accueil - Centre Commercial Beaconsfield\" \/>\n<meta property=\"og:description\" content=\"Le Centre Commercial Beaconsfield abrite une grande vari\u00e9t\u00e9 de restaurants, de boutiques et de services, ce qui en fait un lieu unique pour tous vos besoins quotidiens.\" \/>\n<meta property=\"og:url\" content=\"https:\/\/www.centrebeaconsfield.com\/fr\/\" \/>\n<meta property=\"og:site_name\" content=\"Centre Commercial Beaconsfield\" \/>\n<meta property=\"article:modified_time\" content=\"2026-03-04T20:34:20+00:00\" \/>\n<meta property=\"og:image\" content=\"https:\/\/www.centrebeaconsfield.com\/wp-content\/uploads\/sites\/8\/2025\/12\/Beaconsfield.jpg\" \/>\n\t<meta property=\"og:image:width\" content=\"2000\" \/>\n\t<meta property=\"og:image:height\" content=\"1545\" \/>\n\t<meta property=\"og:image:type\" content=\"image\/jpeg\" \/>\n<meta name=\"twitter:card\" content=\"summary_large_image\" \/>\n<meta name=\"twitter:label1\" content=\"Dur\u00e9e de lecture estim\u00e9e\" \/>\n\t<meta name=\"twitter:data1\" content=\"2 minutes\" \/>\n<script type=\"application\/ld+json\" class=\"yoast-schema-graph\">{\"@context\":\"https:\/\/schema.org\",\"@graph\":[{\"@type\":\"WebPage\",\"@id\":\"https:\/\/www.centrebeaconsfield.com\/fr\/\",\"url\":\"https:\/\/www.centrebeaconsfield.com\/fr\/\",\"name\":\"Accueil - Centre Commercial Beaconsfield\",\"isPartOf\":{\"@id\":\"https:\/\/www.centrebeaconsfield.com\/fr\/#website\"},\"primaryImageOfPage\":{\"@id\":\"https:\/\/www.centrebeaconsfield.com\/fr\/#primaryimage\"},\"image\":{\"@id\":\"https:\/\/www.centrebeaconsfield.com\/fr\/#primaryimage\"},\"thumbnailUrl\":\"https:\/\/www.centrebeaconsfield.com\/wp-content\/uploads\/sites\/8\/2025\/12\/Beaconsfield.jpg\",\"datePublished\":\"2025-02-06T18:10:31+00:00\",\"dateModified\":\"2026-03-04T20:34:20+00:00\",\"description\":\"Le Centre Commercial Beaconsfield abrite une grande vari\u00e9t\u00e9 de restaurants, de boutiques et de services, ce qui en fait un lieu unique pour tous vos besoins quotidiens.\",\"breadcrumb\":{\"@id\":\"https:\/\/www.centrebeaconsfield.com\/fr\/#breadcrumb\"},\"inLanguage\":\"fr-FR\",\"potentialAction\":[{\"@type\":\"ReadAction\",\"target\":[\"https:\/\/www.centrebeaconsfield.com\/fr\/\"]}]},{\"@type\":\"ImageObject\",\"inLanguage\":\"fr-FR\",\"@id\":\"https:\/\/www.centrebeaconsfield.com\/fr\/#primaryimage\",\"url\":\"https:\/\/www.centrebeaconsfield.com\/wp-content\/uploads\/sites\/8\/2025\/12\/Beaconsfield.jpg\",\"contentUrl\":\"https:\/\/www.centrebeaconsfield.com\/wp-content\/uploads\/sites\/8\/2025\/12\/Beaconsfield.jpg\",\"width\":2000,\"height\":1545},{\"@type\":\"BreadcrumbList\",\"@id\":\"https:\/\/www.centrebeaconsfield.com\/fr\/#breadcrumb\",\"itemListElement\":[{\"@type\":\"ListItem\",\"position\":1,\"name\":\"Home\",\"item\":\"https:\/\/www.centrebeaconsfield.com\/fr\/\"},{\"@type\":\"ListItem\",\"position\":2,\"name\":\"Accueil\"}]},{\"@type\":\"WebSite\",\"@id\":\"https:\/\/www.centrebeaconsfield.com\/fr\/#website\",\"url\":\"https:\/\/www.centrebeaconsfield.com\/fr\/\",\"name\":\"Centre Commercial Beaconsfield\",\"description\":\"\",\"potentialAction\":[{\"@type\":\"SearchAction\",\"target\":{\"@type\":\"EntryPoint\",\"urlTemplate\":\"https:\/\/www.centrebeaconsfield.com\/fr\/?s={search_term_string}\"},\"query-input\":{\"@type\":\"PropertyValueSpecification\",\"valueRequired\":true,\"valueName\":\"search_term_string\"}}],\"inLanguage\":\"fr-FR\"}]}<\/script>\n<!-- \/ Yoast SEO plugin. -->","yoast_head_json":{"title":"Accueil - Centre Commercial Beaconsfield","description":"Le Centre Commercial Beaconsfield abrite une grande vari\u00e9t\u00e9 de restaurants, de boutiques et de services, ce qui en fait un lieu unique pour tous vos besoins quotidiens.","robots":{"index":"index","follow":"follow","max-snippet":"max-snippet:-1","max-image-preview":"max-image-preview:large","max-video-preview":"max-video-preview:-1"},"canonical":"https:\/\/www.centrebeaconsfield.com\/fr\/","og_locale":"fr_FR","og_type":"article","og_title":"Accueil - Centre Commercial Beaconsfield","og_description":"Le Centre Commercial Beaconsfield abrite une grande vari\u00e9t\u00e9 de restaurants, de boutiques et de services, ce qui en fait un lieu unique pour tous vos besoins quotidiens.","og_url":"https:\/\/www.centrebeaconsfield.com\/fr\/","og_site_name":"Centre Commercial Beaconsfield","article_modified_time":"2026-03-04T20:34:20+00:00","og_image":[{"width":2000,"height":1545,"url":"https:\/\/www.centrebeaconsfield.com\/wp-content\/uploads\/sites\/8\/2025\/12\/Beaconsfield.jpg","type":"image\/jpeg"}],"twitter_card":"summary_large_image","twitter_misc":{"Dur\u00e9e de lecture estim\u00e9e":"2 minutes"},"schema":{"@context":"https:\/\/schema.org","@graph":[{"@type":"WebPage","@id":"https:\/\/www.centrebeaconsfield.com\/fr\/","url":"https:\/\/www.centrebeaconsfield.com\/fr\/","name":"Accueil - Centre Commercial Beaconsfield","isPartOf":{"@id":"https:\/\/www.centrebeaconsfield.com\/fr\/#website"},"primaryImageOfPage":{"@id":"https:\/\/www.centrebeaconsfield.com\/fr\/#primaryimage"},"image":{"@id":"https:\/\/www.centrebeaconsfield.com\/fr\/#primaryimage"},"thumbnailUrl":"https:\/\/www.centrebeaconsfield.com\/wp-content\/uploads\/sites\/8\/2025\/12\/Beaconsfield.jpg","datePublished":"2025-02-06T18:10:31+00:00","dateModified":"2026-03-04T20:34:20+00:00","description":"Le Centre Commercial Beaconsfield abrite une grande vari\u00e9t\u00e9 de restaurants, de boutiques et de services, ce qui en fait un lieu unique pour tous vos besoins quotidiens.","breadcrumb":{"@id":"https:\/\/www.centrebeaconsfield.com\/fr\/#breadcrumb"},"inLanguage":"fr-FR","potentialAction":[{"@type":"ReadAction","target":["https:\/\/www.centrebeaconsfield.com\/fr\/"]}]},{"@type":"ImageObject","inLanguage":"fr-FR","@id":"https:\/\/www.centrebeaconsfield.com\/fr\/#primaryimage","url":"https:\/\/www.centrebeaconsfield.com\/wp-content\/uploads\/sites\/8\/2025\/12\/Beaconsfield.jpg","contentUrl":"https:\/\/www.centrebeaconsfield.com\/wp-content\/uploads\/sites\/8\/2025\/12\/Beaconsfield.jpg","width":2000,"height":1545},{"@type":"BreadcrumbList","@id":"https:\/\/www.centrebeaconsfield.com\/fr\/#breadcrumb","itemListElement":[{"@type":"ListItem","position":1,"name":"Home","item":"https:\/\/www.centrebeaconsfield.com\/fr\/"},{"@type":"ListItem","position":2,"name":"Accueil"}]},{"@type":"WebSite","@id":"https:\/\/www.centrebeaconsfield.com\/fr\/#website","url":"https:\/\/www.centrebeaconsfield.com\/fr\/","name":"Centre Commercial Beaconsfield","description":"","potentialAction":[{"@type":"SearchAction","target":{"@type":"EntryPoint","urlTemplate":"https:\/\/www.centrebeaconsfield.com\/fr\/?s={search_term_string}"},"query-input":{"@type":"PropertyValueSpecification","valueRequired":true,"valueName":"search_term_string"}}],"inLanguage":"fr-FR"}]}},"_links":{"self":[{"href":"https:\/\/www.centrebeaconsfield.com\/fr\/wp-json\/wp\/v2\/pages\/1494","targetHints":{"allow":["GET"]}}],"collection":[{"href":"https:\/\/www.centrebeaconsfield.com\/fr\/wp-json\/wp\/v2\/pages"}],"about":[{"href":"https:\/\/www.centrebeaconsfield.com\/fr\/wp-json\/wp\/v2\/types\/page"}],"author":[{"embeddable":true,"href":"https:\/\/www.centrebeaconsfield.com\/fr\/wp-json\/wp\/v2\/users\/1"}],"replies":[{"embeddable":true,"href":"https:\/\/www.centrebeaconsfield.com\/fr\/wp-json\/wp\/v2\/comments?post=1494"}],"version-history":[{"count":14,"href":"https:\/\/www.centrebeaconsfield.com\/fr\/wp-json\/wp\/v2\/pages\/1494\/revisions"}],"predecessor-version":[{"id":1555,"href":"https:\/\/www.centrebeaconsfield.com\/fr\/wp-json\/wp\/v2\/pages\/1494\/revisions\/1555"}],"wp:featuredmedia":[{"embeddable":true,"href":"https:\/\/www.centrebeaconsfield.com\/fr\/wp-json\/wp\/v2\/media\/1396"}],"wp:attachment":[{"href":"https:\/\/www.centrebeaconsfield.com\/fr\/wp-json\/wp\/v2\/media?parent=1494"}],"curies":[{"name":"wp","href":"https:\/\/api.w.org\/{rel}","templated":true}]}}